{"id":8,"date":"2020-02-09T18:21:39","date_gmt":"2020-02-09T18:21:39","guid":{"rendered":"https:\/\/heizungsbackblech.de\/?page_id=8"},"modified":"2021-11-14T10:49:50","modified_gmt":"2021-11-14T10:49:50","slug":"startseite2","status":"publish","type":"page","link":"https:\/\/heizungsbackblech.de\/?page_id=8","title":{"rendered":"Badenwannenheizung"},"content":{"rendered":"\t\t<div data-elementor-type=\"wp-page\" data-elementor-id=\"8\" class=\"elementor elementor-8\">\n\t\t\t\t\t\t<section class=\"elementor-section elementor-top-section elementor-element elementor-element-c50b096 elementor-section-boxed elementor-section-height-default elementor-section-height-default\" data-id=\"c50b096\" data-element_type=\"section\">\n\t\t\t\t\t\t<div class=\"elementor-container elementor-column-gap-default\">\n\t\t\t\t\t<div class=\"elementor-column elementor-col-100 elementor-top-column elementor-element elementor-element-60d2e70\" data-id=\"60d2e70\" data-element_type=\"column\">\n\t\t\t<div class=\"elementor-widget-wrap elementor-element-populated\">\n\t\t\t\t\t\t<div class=\"elementor-element elementor-element-b2950a2 elementor-widget elementor-widget-text-editor\" data-id=\"b2950a2\" data-element_type=\"widget\" data-widget_type=\"text-editor.default\">\n\t\t\t\t<div class=\"elementor-widget-container\">\n\t\t\t\t\t\t\t\t\t<p>Nutzen Sie doch mal Ihre Badewanne als Heizung !<\/p><ul><li>Badewannenst\u00f6psel rein<\/li><li>hei\u00df duschen<\/li><li>Badewanne mit Alublech abdecken (gibt es ma\u00dfgeschneidert bei Ihrem Dachdeckerbedarf; die L\u00e4ngsseite umkanten lassen, damit man sich nicht weh tut)<\/li><li>am besten funktioniert es bei freistehenden, st\u00e4hlernen Badewannen, weil die die W\u00e4rme am besten \u00fcbertragen (handels\u00fcbliche Heizk\u00f6rper bestehen auch nur aus einem Metallk\u00f6rper mit hei\u00dfemWasser &#8211; ist also auch nichts anderes&#8230;.)<\/li><li>wenn das Wasser dann ausgek\u00fchlt ist, kann der St\u00f6psel auch wieder gezogen werden \ud83d\ude42<\/li><\/ul>\t\t\t\t\t\t\t\t<\/div>\n\t\t\t\t<\/div>\n\t\t\t\t\t<\/div>\n\t\t<\/div>\n\t\t\t\t\t<\/div>\n\t\t<\/section>\n\t\t\t\t<\/div>\n\t\t","protected":false},"excerpt":{"rendered":"<p>Nutzen Sie doch mal Ihre Badewanne als Heizung ! Badewannenst\u00f6psel rein hei\u00df duschen Badewanne mit Alublech abdecken (gibt es ma\u00dfgeschneidert bei Ihrem Dachdeckerbedarf; die L\u00e4ngsseite umkanten lassen, damit man sich nicht weh tut) Achtung: Gefahr Wasserschaden!!! Vergessen Sie nicht, einen Abfluss im Alublech zu schaffen &#8211; gem. der Flussrichtung des Wassers &#8211; falls unbeabsichtigt Wasser &hellip; <\/p>\n<p class=\"link-more\"><a href=\"https:\/\/heizungsbackblech.de\/?page_id=8\" class=\"more-link\"><span class=\"screen-reader-text\">\u201eBadenwannenheizung\u201c <\/span>weiterlesen<\/a><\/p>\n","protected":false},"author":1,"featured_media":0,"parent":0,"menu_order":0,"comment_status":"closed","ping_status":"closed","template":"elementor_header_footer","meta":{"footnotes":""},"class_list":["post-8","page","type-page","status-publish","hentry","entry"],"_links":{"self":[{"href":"https:\/\/heizungsbackblech.de\/index.php?rest_route=\/wp\/v2\/pages\/8","targetHints":{"allow":["GET"]}}],"collection":[{"href":"https:\/\/heizungsbackblech.de\/index.php?rest_route=\/wp\/v2\/pages"}],"about":[{"href":"https:\/\/heizungsbackblech.de\/index.php?rest_route=\/wp\/v2\/types\/page"}],"author":[{"embeddable":true,"href":"https:\/\/heizungsbackblech.de\/index.php?rest_route=\/wp\/v2\/users\/1"}],"replies":[{"embeddable":true,"href":"https:\/\/heizungsbackblech.de\/index.php?rest_route=%2Fwp%2Fv2%2Fcomments&post=8"}],"version-history":[{"count":15,"href":"https:\/\/heizungsbackblech.de\/index.php?rest_route=\/wp\/v2\/pages\/8\/revisions"}],"predecessor-version":[{"id":143,"href":"https:\/\/heizungsbackblech.de\/index.php?rest_route=\/wp\/v2\/pages\/8\/revisions\/143"}],"wp:attachment":[{"href":"https:\/\/heizungsbackblech.de\/index.php?rest_route=%2Fwp%2Fv2%2Fmedia&parent=8"}],"curies":[{"name":"wp","href":"https:\/\/api.w.org\/{rel}","templated":true}]}}